{"id":884,"date":"2025-11-16T14:50:08","date_gmt":"2025-11-16T14:50:08","guid":{"rendered":"https:\/\/mqdomains.com\/?page_id=884"},"modified":"2025-12-15T23:26:27","modified_gmt":"2025-12-15T23:26:27","slug":"sobre-nos","status":"publish","type":"page","link":"https:\/\/mqdomains.com\/pt\/sobre-nos\/","title":{"rendered":"New Sobre nos"},"content":{"rendered":"<div data-elementor-type=\"wp-page\" data-elementor-id=\"884\" class=\"elementor elementor-884\">\n\t\t\t\t<div class=\"elementor-element elementor-element-7b58a3d5 e-flex e-con-boxed e-con e-parent\" data-id=\"7b58a3d5\" data-element_type=\"container\" data-settings=\"{&quot;background_background&quot;:&quot;classic&quot;}\">\n\t\t\t\t\t<div class=\"e-con-inner\">\n\t\t<div class=\"elementor-element elementor-element-297e944f e-con-full e-flex e-con e-child\" data-id=\"297e944f\" data-element_type=\"container\">\n\t\t\t\t<div class=\"elementor-element elementor-element-36b3c1d9 elementor-widget elementor-widget-heading\" data-id=\"36b3c1d9\" data-element_type=\"widget\" data-widget_type=\"heading.default\">\n\t\t\t\t<div class=\"elementor-widget-container\">\n\t\t\t<style>\/*! elementor - v3.23.0 - 05-08-2024 *\/\n.elementor-heading-title{padding:0;margin:0;line-height:1}.elementor-widget-heading .elementor-heading-title[class*=elementor-size-]>a{color:inherit;font-size:inherit;line-height:inherit}.elementor-widget-heading .elementor-heading-title.elementor-size-small{font-size:15px}.elementor-widget-heading .elementor-heading-title.elementor-size-medium{font-size:19px}.elementor-widget-heading .elementor-heading-title.elementor-size-large{font-size:29px}.elementor-widget-heading .elementor-heading-title.elementor-size-xl{font-size:39px}.elementor-widget-heading .elementor-heading-title.elementor-size-xxl{font-size:59px}<\/style><h1 class=\"elementor-heading-title elementor-size-default\">Sobre N\u00f3s<br>Saiba mais sobre quem somos e o que fazemos<\/h1>\t\t<\/div>\n\t\t\t\t<\/div>\n\t\t\t\t<div class=\"elementor-element elementor-element-17ef63a9 elementor-widget elementor-widget-html\" data-id=\"17ef63a9\" data-element_type=\"widget\" data-widget_type=\"html.default\">\n\t\t\t\t<div class=\"elementor-widget-container\">\n\t\t\t<ul style=\"list-style:none; margin:0; padding:0; display:flex; flex-direction:row; gap:5px; margin-top:40px\">\n<li style=\"color:white;\"><a href=\"https:\/\/www.mozdomains.co.mz\/\" style=\"color:white\">In\u00edcio <span  class=\"fas fa-angle-left\"><\/span><\/a><\/li>\n<li ><a href=\"javascript:;\" style=\"color:white\"> Sobre N\u00f3s<\/a><\/li>\n<\/ul>\t\t<\/div>\n\t\t\t\t<\/div>\n\t\t\t\t<\/div>\n\t\t<div class=\"elementor-element elementor-element-4ee13fcf e-con-full e-flex e-con e-child\" data-id=\"4ee13fcf\" data-element_type=\"container\">\n\t\t\t\t<div class=\"elementor-element elementor-element-17eb37d2 elementor-widget elementor-widget-image\" data-id=\"17eb37d2\" data-element_type=\"widget\" data-widget_type=\"image.default\">\n\t\t\t\t<div class=\"elementor-widget-container\">\n\t\t\t<style>\/*! elementor - v3.23.0 - 05-08-2024 *\/\n.elementor-widget-image{text-align:center}.elementor-widget-image a{display:inline-block}.elementor-widget-image a img[src$=\".svg\"]{width:48px}.elementor-widget-image img{vertical-align:middle;display:inline-block}<\/style>\t\t\t\t\t\t\t\t\t\t<img fetchpriority=\"high\" decoding=\"async\" width=\"300\" height=\"300\" src=\"https:\/\/mqdomains.com\/wp-content\/uploads\/2025\/11\/49f371160032251ace070afe83e1f762-300x300.png\" class=\"attachment-medium size-medium wp-image-727\" alt=\"\" srcset=\"https:\/\/mqdomains.com\/wp-content\/uploads\/2025\/11\/49f371160032251ace070afe83e1f762-300x300.png 300w, https:\/\/mqdomains.com\/wp-content\/uploads\/2025\/11\/49f371160032251ace070afe83e1f762-1024x1024.png 1024w, https:\/\/mqdomains.com\/wp-content\/uploads\/2025\/11\/49f371160032251ace070afe83e1f762-150x150.png 150w, https:\/\/mqdomains.com\/wp-content\/uploads\/2025\/11\/49f371160032251ace070afe83e1f762-768x768.png 768w, https:\/\/mqdomains.com\/wp-content\/uploads\/2025\/11\/49f371160032251ace070afe83e1f762-1536x1536.png 1536w, https:\/\/mqdomains.com\/wp-content\/uploads\/2025\/11\/49f371160032251ace070afe83e1f762-2048x2048.png 2048w, https:\/\/mqdomains.com\/wp-content\/uploads\/2025\/11\/49f371160032251ace070afe83e1f762-12x12.png 12w\" sizes=\"(max-width: 300px) 100vw, 300px\" \/>\t\t\t\t\t\t\t\t\t\t\t\t\t<\/div>\n\t\t\t\t<\/div>\n\t\t\t\t<\/div>\n\t\t\t\t\t<\/div>\n\t\t\t\t<\/div>\n\t\t<div class=\"elementor-element elementor-element-18fec3d e-flex e-con-boxed e-con e-parent\" data-id=\"18fec3d\" data-element_type=\"container\">\n\t\t\t\t\t<div class=\"e-con-inner\">\n\t\t<div class=\"elementor-element elementor-element-ba5ee2d e-con-full e-flex e-con e-child\" data-id=\"ba5ee2d\" data-element_type=\"container\">\n\t\t\t\t<div class=\"elementor-element elementor-element-dc70379 elementor-widget elementor-widget-heading\" data-id=\"dc70379\" data-element_type=\"widget\" data-widget_type=\"heading.default\">\n\t\t\t\t<div class=\"elementor-widget-container\">\n\t\t\t<h2 class=\"elementor-heading-title elementor-size-default\">Bem vindo(a) a MqDomains<\/h2>\t\t<\/div>\n\t\t\t\t<\/div>\n\t\t\t\t<div class=\"elementor-element elementor-element-6a2558f elementor-widget elementor-widget-heading\" data-id=\"6a2558f\" data-element_type=\"widget\" data-widget_type=\"heading.default\">\n\t\t\t\t<div class=\"elementor-widget-container\">\n\t\t\t<div class=\"elementor-heading-title elementor-size-default\"><span style=\"font-weight: 400; white-space: normal; caret-color: rgb(31, 40, 53); color: rgb(31, 40, 53);\">MozDomains \u00e9 um dos principais Web Hosts da ind\u00fastria online Mo\u00e7ambicana. Somos especializados e nos concentramos em Alojamento de Sites, Servidores VPS, Servidores Cloud, Revenda de Alojamento e Servidores Dedicados. Tamb\u00e9m fornecemos servi\u00e7os de Registo de Dom\u00ednios, Certificados Digitais SSL e Cria\u00e7\u00e3o de Sites Responsivos e Aplica\u00e7\u00f5es Web.<\/span><br><br><span style=\"font-weight: 400; white-space: normal; caret-color: rgb(31, 40, 53); color: rgb(31, 40, 53);\">Oferecemos produtos e servi\u00e7os de Alojamento de classe empresarial a milhares de empresas em Mo\u00e7ambique, Alemanha e EUA.<\/span><\/div>\t\t<\/div>\n\t\t\t\t<\/div>\n\t\t\t\t<div class=\"elementor-element elementor-element-d1c9198 elementor-widget elementor-widget-heading\" data-id=\"d1c9198\" data-element_type=\"widget\" data-widget_type=\"heading.default\">\n\t\t\t\t<div class=\"elementor-widget-container\">\n\t\t\t<div class=\"elementor-heading-title elementor-size-default\">O nosso sucesso depende do seu sucesso e seu sucesso depende do nosso sucesso<\/div>\t\t<\/div>\n\t\t\t\t<\/div>\n\t\t\t\t<\/div>\n\t\t<div class=\"elementor-element elementor-element-5e0616c e-con-full e-flex e-con e-child\" data-id=\"5e0616c\" data-element_type=\"container\">\n\t\t\t\t<div class=\"elementor-element elementor-element-b9f0354 elementor-widget elementor-widget-image\" data-id=\"b9f0354\" data-element_type=\"widget\" data-widget_type=\"image.default\">\n\t\t\t\t<div class=\"elementor-widget-container\">\n\t\t\t\t\t\t\t\t\t\t\t\t\t<img decoding=\"async\" width=\"426\" height=\"625\" src=\"https:\/\/mqdomains.com\/wp-content\/uploads\/2025\/11\/african-man.png\" class=\"attachment-large size-large wp-image-887\" alt=\"\" srcset=\"https:\/\/mqdomains.com\/wp-content\/uploads\/2025\/11\/african-man.png 426w, https:\/\/mqdomains.com\/wp-content\/uploads\/2025\/11\/african-man-204x300.png 204w, https:\/\/mqdomains.com\/wp-content\/uploads\/2025\/11\/african-man-8x12.png 8w\" sizes=\"(max-width: 426px) 100vw, 426px\" \/>\t\t\t\t\t\t\t\t\t\t\t\t\t<\/div>\n\t\t\t\t<\/div>\n\t\t\t\t<\/div>\n\t\t\t\t\t<\/div>\n\t\t\t\t<\/div>\n\t\t<div class=\"elementor-element elementor-element-603df83e e-flex e-con-boxed e-con e-parent\" data-id=\"603df83e\" data-element_type=\"container\" data-settings=\"{&quot;background_background&quot;:&quot;classic&quot;}\">\n\t\t\t\t\t<div class=\"e-con-inner\">\n\t\t<div class=\"elementor-element elementor-element-3fc6d607 e-con-full e-flex e-con e-child\" data-id=\"3fc6d607\" data-element_type=\"container\">\n\t\t\t\t<div class=\"elementor-element elementor-element-3a92420b elementor-widget__width-initial elementor-widget elementor-widget-heading\" data-id=\"3a92420b\" data-element_type=\"widget\" data-widget_type=\"heading.default\">\n\t\t\t\t<div class=\"elementor-widget-container\">\n\t\t\t<div class=\"elementor-heading-title elementor-size-default\">Pronto Para ter o seu dom\u00ednio?<\/div>\t\t<\/div>\n\t\t\t\t<\/div>\n\t\t\t\t<div class=\"elementor-element elementor-element-32455d64 elementor-widget elementor-widget-heading\" data-id=\"32455d64\" data-element_type=\"widget\" data-widget_type=\"heading.default\">\n\t\t\t\t<div class=\"elementor-widget-container\">\n\t\t\t<div class=\"elementor-heading-title elementor-size-default\">O sucesso online come\u00e7a com um excelente nome de dom\u00ednio, registe hoje e marque a sua presen\u00e7a na internet<\/div>\t\t<\/div>\n\t\t\t\t<\/div>\n\t\t\t\t<\/div>\n\t\t<div class=\"elementor-element elementor-element-119b0101 e-con-full e-flex e-con e-child\" data-id=\"119b0101\" data-element_type=\"container\">\n\t\t\t\t<div class=\"elementor-element elementor-element-14093896 elementor-align-center elementor-widget elementor-widget-button\" data-id=\"14093896\" data-element_type=\"widget\" data-widget_type=\"button.default\">\n\t\t\t\t<div class=\"elementor-widget-container\">\n\t\t\t\t\t<div class=\"elementor-button-wrapper\">\n\t\t\t<a class=\"elementor-button elementor-button-link elementor-size-sm\" href=\"#\">\n\t\t\t\t\t\t<span class=\"elementor-button-content-wrapper\">\n\t\t\t\t\t\t\t\t\t<span class=\"elementor-button-text\">REGISTE-SE AGORA<\/span>\n\t\t\t\t\t<\/span>\n\t\t\t\t\t<\/a>\n\t\t<\/div>\n\t\t\t\t<\/div>\n\t\t\t\t<\/div>\n\t\t\t\t<\/div>\n\t\t\t\t\t<\/div>\n\t\t\t\t<\/div>\n\t\t<div class=\"elementor-element elementor-element-32dcf214 e-flex e-con-boxed e-con e-parent\" data-id=\"32dcf214\" data-element_type=\"container\">\n\t\t\t\t\t<div class=\"e-con-inner\">\n\t\t\t\t<div class=\"elementor-element elementor-element-6259ac3e elementor-widget elementor-widget-heading\" data-id=\"6259ac3e\" data-element_type=\"widget\" data-widget_type=\"heading.default\">\n\t\t\t\t<div class=\"elementor-widget-container\">\n\t\t\t<h2 class=\"elementor-heading-title elementor-size-default\">Porqu\u00ea a MqDomains \u00e9 um bom parceiro?<\/h2>\t\t<\/div>\n\t\t\t\t<\/div>\n\t\t\t\t<div class=\"elementor-element elementor-element-2dbc5142 elementor-widget elementor-widget-image\" data-id=\"2dbc5142\" data-element_type=\"widget\" data-widget_type=\"image.default\">\n\t\t\t\t<div class=\"elementor-widget-container\">\n\t\t\t\t\t\t\t\t\t\t\t\t\t<img decoding=\"async\" width=\"97\" height=\"20\" src=\"https:\/\/mqdomains.com\/wp-content\/uploads\/2025\/10\/section-shape.png\" class=\"attachment-large size-large wp-image-690\" alt=\"\" srcset=\"https:\/\/mqdomains.com\/wp-content\/uploads\/2025\/10\/section-shape.png 97w, https:\/\/mqdomains.com\/wp-content\/uploads\/2025\/10\/section-shape-18x4.png 18w\" sizes=\"(max-width: 97px) 100vw, 97px\" \/>\t\t\t\t\t\t\t\t\t\t\t\t\t<\/div>\n\t\t\t\t<\/div>\n\t\t\t\t<div class=\"elementor-element elementor-element-767c2a elementor-widget elementor-widget-heading\" data-id=\"767c2a\" data-element_type=\"widget\" data-widget_type=\"heading.default\">\n\t\t\t\t<div class=\"elementor-widget-container\">\n\t\t\t<div class=\"elementor-heading-title elementor-size-default\"><span style=\"font-weight: 400; white-space: normal; caret-color: rgb(41, 60, 80); color: rgb(41, 60, 80); \">Aqui voc\u00ea pode ver porque nossos clientes nos amam e porque a MozDomains \u00e9<\/span><br><span style=\"font-weight: 400; white-space: normal; caret-color: rgb(41, 60, 80); color: rgb(41, 60, 80); \">&nbsp;um \u00f3ptimo parceiro para o seu neg\u00f3cio e o seu projecto<\/span><\/div>\t\t<\/div>\n\t\t\t\t<\/div>\n\t\t<div class=\"elementor-element elementor-element-1f48857e e-con-full e-flex e-con e-child\" data-id=\"1f48857e\" data-element_type=\"container\">\n\t\t<div class=\"elementor-element elementor-element-5b38f147 e-con-full e-flex e-con e-child\" data-id=\"5b38f147\" data-element_type=\"container\">\n\t\t\t\t<div class=\"elementor-element elementor-element-7f8dedef elementor-view-default elementor-widget elementor-widget-icon\" data-id=\"7f8dedef\" data-element_type=\"widget\" data-widget_type=\"icon.default\">\n\t\t\t\t<div class=\"elementor-widget-container\">\n\t\t\t\t\t<div class=\"elementor-icon-wrapper\">\n\t\t\t<div class=\"elementor-icon\">\n\t\t\t<svg aria-hidden=\"true\" class=\"e-font-icon-svg e-fas-shipping-fast\" viewbox=\"0 0 640 512\" xmlns=\"http:\/\/www.w3.org\/2000\/svg\"><path d=\"M624 352h-16V243.9c0-12.7-5.1-24.9-14.1-33.9L494 110.1c-9-9-21.2-14.1-33.9-14.1H416V48c0-26.5-21.5-48-48-48H112C85.5 0 64 21.5 64 48v48H8c-4.4 0-8 3.6-8 8v16c0 4.4 3.6 8 8 8h272c4.4 0 8 3.6 8 8v16c0 4.4-3.6 8-8 8H40c-4.4 0-8 3.6-8 8v16c0 4.4 3.6 8 8 8h208c4.4 0 8 3.6 8 8v16c0 4.4-3.6 8-8 8H8c-4.4 0-8 3.6-8 8v16c0 4.4 3.6 8 8 8h208c4.4 0 8 3.6 8 8v16c0 4.4-3.6 8-8 8H64v128c0 53 43 96 96 96s96-43 96-96h128c0 53 43 96 96 96s96-43 96-96h48c8.8 0 16-7.2 16-16v-32c0-8.8-7.2-16-16-16zM160 464c-26.5 0-48-21.5-48-48s21.5-48 48-48 48 21.5 48 48-21.5 48-48 48zm320 0c-26.5 0-48-21.5-48-48s21.5-48 48-48 48 21.5 48 48-21.5 48-48 48zm80-208H416V144h44.1l99.9 99.9V256z\"><\/path><\/svg>\t\t\t<\/div>\n\t\t<\/div>\n\t\t\t\t<\/div>\n\t\t\t\t<\/div>\n\t\t\t\t<div class=\"elementor-element elementor-element-5040aca4 elementor-widget elementor-widget-heading\" data-id=\"5040aca4\" data-element_type=\"widget\" data-widget_type=\"heading.default\">\n\t\t\t\t<div class=\"elementor-widget-container\">\n\t\t\t<h2 class=\"elementor-heading-title elementor-size-default\">Rapidez<\/h2>\t\t<\/div>\n\t\t\t\t<\/div>\n\t\t\t\t<div class=\"elementor-element elementor-element-2fbc1ff9 elementor-widget elementor-widget-heading\" data-id=\"2fbc1ff9\" data-element_type=\"widget\" data-widget_type=\"heading.default\">\n\t\t\t\t<div class=\"elementor-widget-container\">\n\t\t\t<div class=\"elementor-heading-title elementor-size-default\"><span style=\"font-weight: 400; white-space: normal; caret-color: rgb(31, 40, 53); color: rgb(31, 40, 53); font-size: 14px; text-align: center;\">Servidores de alto desempenho e armazenamento puro SSD NVMe.<\/span><\/div>\t\t<\/div>\n\t\t\t\t<\/div>\n\t\t\t\t<\/div>\n\t\t<div class=\"elementor-element elementor-element-2e350f0c e-con-full e-flex e-con e-child\" data-id=\"2e350f0c\" data-element_type=\"container\">\n\t\t\t\t<div class=\"elementor-element elementor-element-41db43ff elementor-view-default elementor-widget elementor-widget-icon\" data-id=\"41db43ff\" data-element_type=\"widget\" data-widget_type=\"icon.default\">\n\t\t\t\t<div class=\"elementor-widget-container\">\n\t\t\t\t\t<div class=\"elementor-icon-wrapper\">\n\t\t\t<div class=\"elementor-icon\">\n\t\t\t<svg aria-hidden=\"true\" class=\"e-font-icon-svg e-fas-hdd\" viewbox=\"0 0 576 512\" xmlns=\"http:\/\/www.w3.org\/2000\/svg\"><path d=\"M576 304v96c0 26.51-21.49 48-48 48H48c-26.51 0-48-21.49-48-48v-96c0-26.51 21.49-48 48-48h480c26.51 0 48 21.49 48 48zm-48-80a79.557 79.557 0 0 1 30.777 6.165L462.25 85.374A48.003 48.003 0 0 0 422.311 64H153.689a48 48 0 0 0-39.938 21.374L17.223 230.165A79.557 79.557 0 0 1 48 224h480zm-48 96c-17.673 0-32 14.327-32 32s14.327 32 32 32 32-14.327 32-32-14.327-32-32-32zm-96 0c-17.673 0-32 14.327-32 32s14.327 32 32 32 32-14.327 32-32-14.327-32-32-32z\"><\/path><\/svg>\t\t\t<\/div>\n\t\t<\/div>\n\t\t\t\t<\/div>\n\t\t\t\t<\/div>\n\t\t\t\t<div class=\"elementor-element elementor-element-f2418c0 elementor-widget elementor-widget-heading\" data-id=\"f2418c0\" data-element_type=\"widget\" data-widget_type=\"heading.default\">\n\t\t\t\t<div class=\"elementor-widget-container\">\n\t\t\t<h2 class=\"elementor-heading-title elementor-size-default\">Confi\u00e1vel<\/h2>\t\t<\/div>\n\t\t\t\t<\/div>\n\t\t\t\t<div class=\"elementor-element elementor-element-4e3e397d elementor-widget elementor-widget-heading\" data-id=\"4e3e397d\" data-element_type=\"widget\" data-widget_type=\"heading.default\">\n\t\t\t\t<div class=\"elementor-widget-container\">\n\t\t\t<div class=\"elementor-heading-title elementor-size-default\"><span style=\"font-weight: 400; white-space: normal; caret-color: rgb(31, 40, 53); color: rgb(31, 40, 53); font-size: 14px; text-align: center;\">Tecnologia de hardware corporativo de ponta com discos SSD NVMe.<\/span><\/div>\t\t<\/div>\n\t\t\t\t<\/div>\n\t\t\t\t<\/div>\n\t\t<div class=\"elementor-element elementor-element-5e90cc89 e-con-full e-flex e-con e-child\" data-id=\"5e90cc89\" data-element_type=\"container\">\n\t\t\t\t<div class=\"elementor-element elementor-element-732e73b5 elementor-view-default elementor-widget elementor-widget-icon\" data-id=\"732e73b5\" data-element_type=\"widget\" data-widget_type=\"icon.default\">\n\t\t\t\t<div class=\"elementor-widget-container\">\n\t\t\t\t\t<div class=\"elementor-icon-wrapper\">\n\t\t\t<div class=\"elementor-icon\">\n\t\t\t<svg aria-hidden=\"true\" class=\"e-font-icon-svg e-fas-rocket\" viewbox=\"0 0 512 512\" xmlns=\"http:\/\/www.w3.org\/2000\/svg\"><path d=\"M505.12019,19.09375c-1.18945-5.53125-6.65819-11-12.207-12.1875C460.716,0,435.507,0,410.40747,0,307.17523,0,245.26909,55.20312,199.05238,128H94.83772c-16.34763.01562-35.55658,11.875-42.88664,26.48438L2.51562,253.29688A28.4,28.4,0,0,0,0,264a24.00867,24.00867,0,0,0,24.00582,24H127.81618l-22.47457,22.46875c-11.36521,11.36133-12.99607,32.25781,0,45.25L156.24582,406.625c11.15623,11.1875,32.15619,13.15625,45.27726,0l22.47457-22.46875V488a24.00867,24.00867,0,0,0,24.00581,24,28.55934,28.55934,0,0,0,10.707-2.51562l98.72834-49.39063c14.62888-7.29687,26.50776-26.5,26.50776-42.85937V312.79688c72.59753-46.3125,128.03493-108.40626,128.03493-211.09376C512.07526,76.5,512.07526,51.29688,505.12019,19.09375ZM384.04033,168A40,40,0,1,1,424.05,128,40.02322,40.02322,0,0,1,384.04033,168Z\"><\/path><\/svg>\t\t\t<\/div>\n\t\t<\/div>\n\t\t\t\t<\/div>\n\t\t\t\t<\/div>\n\t\t\t\t<div class=\"elementor-element elementor-element-363d740a elementor-widget elementor-widget-heading\" data-id=\"363d740a\" data-element_type=\"widget\" data-widget_type=\"heading.default\">\n\t\t\t\t<div class=\"elementor-widget-container\">\n\t\t\t<h2 class=\"elementor-heading-title elementor-size-default\">Escal\u00e1vel<\/h2>\t\t<\/div>\n\t\t\t\t<\/div>\n\t\t\t\t<div class=\"elementor-element elementor-element-530bb39c elementor-widget elementor-widget-heading\" data-id=\"530bb39c\" data-element_type=\"widget\" data-widget_type=\"heading.default\">\n\t\t\t\t<div class=\"elementor-widget-container\">\n\t\t\t<div class=\"elementor-heading-title elementor-size-default\"><span style=\"font-weight: 400; white-space: normal; caret-color: rgb(31, 40, 53); color: rgb(31, 40, 53); font-size: 14px; text-align: center;\">Na MqDomains, crescemos com voc\u00ea para atender \u00e0s suas necessidades de demanda.<\/span><\/div>\t\t<\/div>\n\t\t\t\t<\/div>\n\t\t\t\t<\/div>\n\t\t<div class=\"elementor-element elementor-element-34393b22 e-con-full e-flex e-con e-child\" data-id=\"34393b22\" data-element_type=\"container\">\n\t\t\t\t<div class=\"elementor-element elementor-element-3ee27810 elementor-view-default elementor-widget elementor-widget-icon\" data-id=\"3ee27810\" data-element_type=\"widget\" data-widget_type=\"icon.default\">\n\t\t\t\t<div class=\"elementor-widget-container\">\n\t\t\t\t\t<div class=\"elementor-icon-wrapper\">\n\t\t\t<div class=\"elementor-icon\">\n\t\t\t<svg aria-hidden=\"true\" class=\"e-font-icon-svg e-fas-users\" viewbox=\"0 0 640 512\" xmlns=\"http:\/\/www.w3.org\/2000\/svg\"><path d=\"M96 224c35.3 0 64-28.7 64-64s-28.7-64-64-64-64 28.7-64 64 28.7 64 64 64zm448 0c35.3 0 64-28.7 64-64s-28.7-64-64-64-64 28.7-64 64 28.7 64 64 64zm32 32h-64c-17.6 0-33.5 7.1-45.1 18.6 40.3 22.1 68.9 62 75.1 109.4h66c17.7 0 32-14.3 32-32v-32c0-35.3-28.7-64-64-64zm-256 0c61.9 0 112-50.1 112-112S381.9 32 320 32 208 82.1 208 144s50.1 112 112 112zm76.8 32h-8.3c-20.8 10-43.9 16-68.5 16s-47.6-6-68.5-16h-8.3C179.6 288 128 339.6 128 403.2V432c0 26.5 21.5 48 48 48h288c26.5 0 48-21.5 48-48v-28.8c0-63.6-51.6-115.2-115.2-115.2zm-223.7-13.4C161.5 263.1 145.6 256 128 256H64c-35.3 0-64 28.7-64 64v32c0 17.7 14.3 32 32 32h65.9c6.3-47.4 34.9-87.3 75.2-109.4z\"><\/path><\/svg>\t\t\t<\/div>\n\t\t<\/div>\n\t\t\t\t<\/div>\n\t\t\t\t<\/div>\n\t\t\t\t<div class=\"elementor-element elementor-element-514a1e4a elementor-widget elementor-widget-heading\" data-id=\"514a1e4a\" data-element_type=\"widget\" data-widget_type=\"heading.default\">\n\t\t\t\t<div class=\"elementor-widget-container\">\n\t\t\t<h2 class=\"elementor-heading-title elementor-size-default\">Suporte<\/h2>\t\t<\/div>\n\t\t\t\t<\/div>\n\t\t\t\t<div class=\"elementor-element elementor-element-5a5e47a0 elementor-widget elementor-widget-heading\" data-id=\"5a5e47a0\" data-element_type=\"widget\" data-widget_type=\"heading.default\">\n\t\t\t\t<div class=\"elementor-widget-container\">\n\t\t\t<div class=\"elementor-heading-title elementor-size-default\"><span style=\"font-weight: 400; white-space: normal; caret-color: rgb(31, 40, 53); color: rgb(31, 40, 53); font-size: 14px; text-align: center;\">Nossos engenheiros de suporte t\u00e9cnico est\u00e3o sempre dispon\u00edveis 24\/7\/365 quando necess\u00e1rio.<\/span><\/div>\t\t<\/div>\n\t\t\t\t<\/div>\n\t\t\t\t<\/div>\n\t\t\t\t<\/div>\n\t\t\t\t\t<\/div>\n\t\t\t\t<\/div>\n\t\t\t\t<\/div>","protected":false},"excerpt":{"rendered":"<p>Sobre N\u00f3sSaiba mais sobre quem somos e o que fazemos In\u00edcio Sobre N\u00f3s Bem vindo(a) a MqDomains MozDomains \u00e9 um dos principais Web Hosts da ind\u00fastria online Mo\u00e7ambicana. Somos especializados e nos concentramos em Alojamento de Sites, Servidores VPS, Servidores Cloud, Revenda de Alojamento e Servidores Dedicados. Tamb\u00e9m fornecemos servi\u00e7os de Registo de Dom\u00ednios, Certificados [&hellip;]<\/p>","protected":false},"author":1,"featured_media":0,"parent":0,"menu_order":0,"comment_status":"closed","ping_status":"closed","template":"","meta":{"_monsterinsights_skip_tracking":false,"_monsterinsights_sitenote_active":false,"_monsterinsights_sitenote_note":"","_monsterinsights_sitenote_category":0,"footnotes":""},"class_list":["post-884","page","type-page","status-publish","hentry"],"aioseo_notices":[],"_links":{"self":[{"href":"https:\/\/mqdomains.com\/pt\/wp-json\/wp\/v2\/pages\/884","targetHints":{"allow":["GET"]}}],"collection":[{"href":"https:\/\/mqdomains.com\/pt\/wp-json\/wp\/v2\/pages"}],"about":[{"href":"https:\/\/mqdomains.com\/pt\/wp-json\/wp\/v2\/types\/page"}],"author":[{"embeddable":true,"href":"https:\/\/mqdomains.com\/pt\/wp-json\/wp\/v2\/users\/1"}],"replies":[{"embeddable":true,"href":"https:\/\/mqdomains.com\/pt\/wp-json\/wp\/v2\/comments?post=884"}],"version-history":[{"count":8,"href":"https:\/\/mqdomains.com\/pt\/wp-json\/wp\/v2\/pages\/884\/revisions"}],"predecessor-version":[{"id":894,"href":"https:\/\/mqdomains.com\/pt\/wp-json\/wp\/v2\/pages\/884\/revisions\/894"}],"wp:attachment":[{"href":"https:\/\/mqdomains.com\/pt\/wp-json\/wp\/v2\/media?parent=884"}],"curies":[{"name":"wp","href":"https:\/\/api.w.org\/{rel}","templated":true}]}}